{"id":77,"date":"2017-07-24T19:45:30","date_gmt":"2017-07-24T19:45:30","guid":{"rendered":"http:\/\/test.schuetzenverein-nordwohlde.de\/?page_id=77"},"modified":"2025-06-30T11:30:26","modified_gmt":"2025-06-30T09:30:26","slug":"koenige","status":"publish","type":"page","link":"https:\/\/www.Schuetzenverein-nordwohlde.de\/?page_id=77","title":{"rendered":"K\u00f6nige*innen"},"content":{"rendered":"<p><img loading=\"lazy\" decoding=\"async\" class=\"alignnone size-full wp-image-2691\" src=\"https:\/\/www.Schuetzenverein-nordwohlde.de\/wp-content\/uploads\/2025\/06\/IMG_0014-1-scaled.jpeg\" alt=\"\" width=\"2560\" height=\"1092\" srcset=\"https:\/\/www.Schuetzenverein-nordwohlde.de\/wp-content\/uploads\/2025\/06\/IMG_0014-1-scaled.jpeg 2560w, https:\/\/www.Schuetzenverein-nordwohlde.de\/wp-content\/uploads\/2025\/06\/IMG_0014-1-300x128.jpeg 300w, https:\/\/www.Schuetzenverein-nordwohlde.de\/wp-content\/uploads\/2025\/06\/IMG_0014-1-1024x437.jpeg 1024w, https:\/\/www.Schuetzenverein-nordwohlde.de\/wp-content\/uploads\/2025\/06\/IMG_0014-1-768x328.jpeg 768w, https:\/\/www.Schuetzenverein-nordwohlde.de\/wp-content\/uploads\/2025\/06\/IMG_0014-1-1536x655.jpeg 1536w, https:\/\/www.Schuetzenverein-nordwohlde.de\/wp-content\/uploads\/2025\/06\/IMG_0014-1-2048x873.jpeg 2048w\" sizes=\"auto, (max-width: 2560px) 100vw, 2560px\" \/><\/p>\n<table style=\"height: 30px;\" width=\"471\">\n<tbody>\n<tr>\n<td style=\"width: 110.75px; text-align: center;\"><a href=\"\/?page_id=177\">K\u00f6nige*innen<\/a><\/td>\n<td style=\"width: 110.75px; text-align: center;\"><a href=\"\/?page_id=173\">Altersk\u00f6nige*innen<\/a><\/td>\n<td style=\"width: 110.75px; text-align: center;\"><a href=\"\/?page_id=175\">Jugendk\u00f6nige*innen<\/a><\/td>\n<td style=\"width: 110.75px; text-align: center;\"><a href=\"\/?page_id=169\">Kinderk\u00f6nige*innen<\/a><\/td>\n<\/tr>\n<\/tbody>\n<\/table>\n","protected":false},"excerpt":{"rendered":"<p>K\u00f6nige*innen Altersk\u00f6nige*innen Jugendk\u00f6nige*innen Kinderk\u00f6nige*innen<\/p>\n","protected":false},"author":1,"featured_media":0,"parent":0,"menu_order":4,"comment_status":"closed","ping_status":"closed","template":"","meta":{"footnotes":""},"class_list":["post-77","page","type-page","status-publish","hentry"],"_links":{"self":[{"href":"https:\/\/www.Schuetzenverein-nordwohlde.de\/index.php?rest_route=\/wp\/v2\/pages\/77","targetHints":{"allow":["GET"]}}],"collection":[{"href":"https:\/\/www.Schuetzenverein-nordwohlde.de\/index.php?rest_route=\/wp\/v2\/pages"}],"about":[{"href":"https:\/\/www.Schuetzenverein-nordwohlde.de\/index.php?rest_route=\/wp\/v2\/types\/page"}],"author":[{"embeddable":true,"href":"https:\/\/www.Schuetzenverein-nordwohlde.de\/index.php?rest_route=\/wp\/v2\/users\/1"}],"replies":[{"embeddable":true,"href":"https:\/\/www.Schuetzenverein-nordwohlde.de\/index.php?rest_route=%2Fwp%2Fv2%2Fcomments&post=77"}],"version-history":[{"count":22,"href":"https:\/\/www.Schuetzenverein-nordwohlde.de\/index.php?rest_route=\/wp\/v2\/pages\/77\/revisions"}],"predecessor-version":[{"id":2693,"href":"https:\/\/www.Schuetzenverein-nordwohlde.de\/index.php?rest_route=\/wp\/v2\/pages\/77\/revisions\/2693"}],"wp:attachment":[{"href":"https:\/\/www.Schuetzenverein-nordwohlde.de\/index.php?rest_route=%2Fwp%2Fv2%2Fmedia&parent=77"}],"curies":[{"name":"wp","href":"https:\/\/api.w.org\/{rel}","templated":true}]}}