{"id":64,"date":"2017-07-24T19:16:05","date_gmt":"2017-07-24T19:16:05","guid":{"rendered":"http:\/\/test.schuetzenverein-nordwohlde.de\/?page_id=64"},"modified":"2025-09-05T14:22:16","modified_gmt":"2025-09-05T12:22:16","slug":"mitglied-werden","status":"publish","type":"page","link":"https:\/\/www.Schuetzenverein-nordwohlde.de\/?page_id=64","title":{"rendered":"Mitglied werden"},"content":{"rendered":"<p>Der Sch\u00fctzenverein Nordwohlde lebt mit und nat\u00fcrlich auch von den Mitgliedern. Jedes Mitglied st\u00e4rkt den Verein. Deshalb freuen wir uns \u00fcber alle, die zu unserem Verein finden, sich bei uns sportlich bet\u00e4tigen wollen und auch Spa\u00df am Schie\u00dfen haben! Selbstverst\u00e4ndlich sind wir auch unseren passiven Mitgliedern dankbar f\u00fcr deren finanzielle Unterst\u00fctzungen. Mitglied kann jede nat\u00fcrliche Person werden. Und, wir freuen uns \u00fcber jedes neue Mitglied. Beitrittserkl\u00e4rungen k\u00f6nnen hier runtergeladen (siehe unten) werden.<\/p>\n<p>Hier k\u00f6nnen Sie sich eine Beitrittserkl\u00e4rung ausdrucken und ausgef\u00fcllt an Andree Dohrmann, Parkstra\u00dfe 3, 27211 Bassum senden.<\/p>\n<p><a href=\"https:\/\/www.Schuetzenverein-nordwohlde.de\/wp-content\/uploads\/2017\/07\/Beitrittserklaerung.pdf\" target=\"_blank\" rel=\"noopener noreferrer\">Beitrittserkl\u00e4rung\u00a0hier\u00a0herunterladen<\/a><\/p>\n","protected":false},"excerpt":{"rendered":"<p>Der Sch\u00fctzenverein Nordwohlde lebt mit und nat\u00fcrlich auch von den Mitgliedern. Jedes Mitglied st\u00e4rkt den Verein. Deshalb freuen wir uns \u00fcber alle, die zu unserem Verein finden, sich bei uns sportlich bet\u00e4tigen wollen und auch Spa\u00df am Schie\u00dfen haben! Selbstverst\u00e4ndlich sind wir auch unseren passiven Mitgliedern dankbar f\u00fcr deren finanzielle Unterst\u00fctzungen. Mitglied kann jede nat\u00fcrliche Person werden. Und, wir freuen<\/p>\n","protected":false},"author":1,"featured_media":0,"parent":0,"menu_order":3,"comment_status":"closed","ping_status":"closed","template":"","meta":{"footnotes":""},"class_list":["post-64","page","type-page","status-publish","hentry"],"_links":{"self":[{"href":"https:\/\/www.Schuetzenverein-nordwohlde.de\/index.php?rest_route=\/wp\/v2\/pages\/64","targetHints":{"allow":["GET"]}}],"collection":[{"href":"https:\/\/www.Schuetzenverein-nordwohlde.de\/index.php?rest_route=\/wp\/v2\/pages"}],"about":[{"href":"https:\/\/www.Schuetzenverein-nordwohlde.de\/index.php?rest_route=\/wp\/v2\/types\/page"}],"author":[{"embeddable":true,"href":"https:\/\/www.Schuetzenverein-nordwohlde.de\/index.php?rest_route=\/wp\/v2\/users\/1"}],"replies":[{"embeddable":true,"href":"https:\/\/www.Schuetzenverein-nordwohlde.de\/index.php?rest_route=%2Fwp%2Fv2%2Fcomments&post=64"}],"version-history":[{"count":21,"href":"https:\/\/www.Schuetzenverein-nordwohlde.de\/index.php?rest_route=\/wp\/v2\/pages\/64\/revisions"}],"predecessor-version":[{"id":2725,"href":"https:\/\/www.Schuetzenverein-nordwohlde.de\/index.php?rest_route=\/wp\/v2\/pages\/64\/revisions\/2725"}],"wp:attachment":[{"href":"https:\/\/www.Schuetzenverein-nordwohlde.de\/index.php?rest_route=%2Fwp%2Fv2%2Fmedia&parent=64"}],"curies":[{"name":"wp","href":"https:\/\/api.w.org\/{rel}","templated":true}]}}