{"id":382,"date":"2017-07-30T16:53:24","date_gmt":"2017-07-30T14:53:24","guid":{"rendered":"https:\/\/www.Schuetzenverein-nordwohlde.de\/?page_id=382"},"modified":"2020-06-24T21:22:43","modified_gmt":"2020-06-24T19:22:43","slug":"schiessergebnisse-2009","status":"publish","type":"page","link":"https:\/\/www.Schuetzenverein-nordwohlde.de\/?page_id=382","title":{"rendered":"Schie\u00dfergebnisse 2009"},"content":{"rendered":"<p><strong>Schiessergebnisse vom Sch\u00fctzenverein Nordwohlde<\/strong><\/p>\n<table class=\"contentpaneopen\">\n<tbody>\n<tr>\n<td valign=\"top\"><strong>Pokalschie\u00dfen Stelle<\/strong><strong><br \/>\n<\/strong>Nordwohlder Jugend 2. Platz<br \/>\nNordwohlder Damen 3. Platz<br \/>\nNordwohlder Herren 5. Platz<\/p>\n<p><strong>Kreismeisterschaften 2010<br \/>\n<\/strong><strong>LG &#8211; Auflage &#8211; Sch\u00fcler A m<br \/>\n<\/strong>1. Sven Nolte<\/p>\n<p><strong>LG &#8211; Auflage &#8211; Sch\u00fcler A w<br \/>\n<\/strong>2. Rabea Bokelmann<\/p>\n<p><strong>LG &#8211; Auflage &#8211; Jugend m<br \/>\n<\/strong>1. Andre Finke<\/p>\n<p><strong>LG &#8211; Auflage &#8211; Jugend w<br \/>\n<\/strong>3. Corina Meyer<\/p>\n<p><strong>LG &#8211; Auflage &#8211; Junioren A w<br \/>\n<\/strong>5. Nicole Finke<\/p>\n<p><strong>Pokalschie\u00dfen Bassum v. 1848<\/strong><strong><br \/>\n<\/strong>Nordwohlder Damen 2. Platz<br \/>\nNordwohlder Jugend 3. Platz<br \/>\nNordwohlder Herren 6. Platz<\/p>\n<p><strong>Pokalschie\u00dfen Bassum &#8222;Gut Ziel&#8220;<br \/>\n<\/strong>Nordwohlder Herren 2. Platz<\/p>\n<p><strong>Pokalschie\u00dfen Hallstedt<br \/>\n<\/strong>Nordwohlder Herren 2. Platz<\/p>\n<p><strong>Herbstmeisterschaft<\/strong><strong><br \/>\n<\/strong>G\u00fcnther Reineke Herbstmeister<br \/>\nConny Finke Damenbeste<br \/>\nRabea Bokelmann Jugendbeste<br \/>\nG\u00fcnther Reineke Wanderpokalsieger<br \/>\nMichael Kimme Birsepokalsieger<br \/>\nRabea Bokelmann Jugend-Birsepokalsieger<\/p>\n<p><strong>Pokalschie\u00dfen Kastendiek<\/strong><strong><br \/>\n<\/strong>Nordwohlder Damen 1. Platz<br \/>\nNordwohlder Herren 3. Platz<br \/>\nNordwohlder Jugend 3. Platz<\/p>\n<p><strong>Pokalschie\u00dfen Albringhausen<\/strong><strong><br \/>\n<\/strong>Nordwohlder Jugend 4. Platz<\/p>\n<p><strong>Pokalschie\u00dfen Fahrenhorst<\/strong><strong>\u00a0<\/strong><br \/>\nNordwohlder Damen 2. Platz<br \/>\nNordwohlder Herren 5. Platz<\/p>\n<p><strong>Sch\u00fctzenfest 2009<\/strong><strong><br \/>\n<\/strong>Karin Bokelmann K\u00f6nigin<br \/>\nHanno Gi\u00f6rtz Altersk\u00f6nig<br \/>\nNicole Finke Jugendk\u00f6nigin<br \/>\nSven Nolte Kinderk\u00f6nig<br \/>\nJens Gehlenbeck B\u00fcrgerpokalsieger<br \/>\nMichael Kimme Vize-K\u00f6nig<\/p>\n<p><strong>Vereinsmeisterschaft 2009<\/strong><strong><br \/>\n<\/strong>Harald D\u00f6pke Vereinsmeister<br \/>\nHeinz J\u00fcrgen Wagenfeld K\u00f6nig der K\u00f6nige<br \/>\nConny und Helmut Finke Er&amp;Sie-Pokalsieger<\/p>\n<p><strong>Kreispokal 2009<\/strong><strong><br \/>\n<\/strong>Ute Lettmann Kreisk\u00f6nigin 2009<br \/>\nRita Meyer Vize-Kreisk\u00f6nigin 2009<br \/>\nNordwohlder Damen 5. Platz<br \/>\nNordwohlder Herren 5. Platz<\/p>\n<p><strong>Pokalschie\u00dfen Freudenberg <\/strong><strong><br \/>\n<\/strong>Nordwohlder Damen 1. Platz<br \/>\nNordwohlder Herren 3. Platz<\/p>\n<p><strong>Stadtpokalschie\u00dfen 2009<\/strong><strong><br \/>\n<\/strong>Karin Bokelmann Stadtk\u00f6nigin<br \/>\nPetra D\u00f6pke K\u00f6nigin der K\u00f6niginnen<br \/>\nSch\u00fctzinnen Stadtpokal 2. Platz<br \/>\nJugend Stadtpokal 3. Platz<br \/>\nSch\u00fctzen Stadtpokal 3. Platz<\/p>\n<p><strong>Pokalschie\u00dfen Okel <\/strong><strong><br \/>\n<\/strong>Nordwohlder Damen 1. Platz<\/p>\n<p><strong>Pokalschie\u00dfen Barrien<br \/>\n<\/strong>Nordwohlder Damen 1. Platz<\/p>\n<p><strong>Pokalschie\u00dfen Natenstedt<br \/>\n<\/strong>Nordwohlder Herren 1. Platz<\/p>\n<p><strong>Pokalschie\u00dfen Ristedt<br \/>\n<\/strong>Nordwohlder Jugend 3. Platz<\/p>\n<p><strong>Pokalschie\u00dfen Dimhausen<br \/>\n<\/strong>Nordwohlder Herren 2. Platz<\/p>\n<p><strong>Pokalschie\u00dfen Neubruchhausen<br \/>\n<\/strong>Nordwohlder Damen 1. Platz<\/td>\n<\/tr>\n<\/tbody>\n<\/table>\n","protected":false},"excerpt":{"rendered":"<p>Schiessergebnisse vom Sch\u00fctzenverein Nordwohlde Pokalschie\u00dfen Stelle Nordwohlder Jugend 2. Platz Nordwohlder Damen 3. Platz Nordwohlder Herren 5. Platz Kreismeisterschaften 2010 LG &#8211; Auflage &#8211; Sch\u00fcler A m 1. Sven Nolte LG &#8211; Auflage &#8211; Sch\u00fcler A w 2. Rabea Bokelmann LG &#8211; Auflage &#8211; Jugend m 1. Andre Finke LG &#8211; Auflage &#8211; Jugend w 3. Corina Meyer LG &#8211;<\/p>\n","protected":false},"author":2,"featured_media":0,"parent":114,"menu_order":8,"comment_status":"closed","ping_status":"closed","template":"","meta":{"footnotes":""},"class_list":["post-382","page","type-page","status-publish","hentry"],"_links":{"self":[{"href":"https:\/\/www.Schuetzenverein-nordwohlde.de\/index.php?rest_route=\/wp\/v2\/pages\/382","targetHints":{"allow":["GET"]}}],"collection":[{"href":"https:\/\/www.Schuetzenverein-nordwohlde.de\/index.php?rest_route=\/wp\/v2\/pages"}],"about":[{"href":"https:\/\/www.Schuetzenverein-nordwohlde.de\/index.php?rest_route=\/wp\/v2\/types\/page"}],"author":[{"embeddable":true,"href":"https:\/\/www.Schuetzenverein-nordwohlde.de\/index.php?rest_route=\/wp\/v2\/users\/2"}],"replies":[{"embeddable":true,"href":"https:\/\/www.Schuetzenverein-nordwohlde.de\/index.php?rest_route=%2Fwp%2Fv2%2Fcomments&post=382"}],"version-history":[{"count":3,"href":"https:\/\/www.Schuetzenverein-nordwohlde.de\/index.php?rest_route=\/wp\/v2\/pages\/382\/revisions"}],"predecessor-version":[{"id":1536,"href":"https:\/\/www.Schuetzenverein-nordwohlde.de\/index.php?rest_route=\/wp\/v2\/pages\/382\/revisions\/1536"}],"up":[{"embeddable":true,"href":"https:\/\/www.Schuetzenverein-nordwohlde.de\/index.php?rest_route=\/wp\/v2\/pages\/114"}],"wp:attachment":[{"href":"https:\/\/www.Schuetzenverein-nordwohlde.de\/index.php?rest_route=%2Fwp%2Fv2%2Fmedia&parent=382"}],"curies":[{"name":"wp","href":"https:\/\/api.w.org\/{rel}","templated":true}]}}