{"id":310,"date":"2017-07-29T12:49:46","date_gmt":"2017-07-29T10:49:46","guid":{"rendered":"https:\/\/www.Schuetzenverein-nordwohlde.de\/?page_id=310"},"modified":"2020-06-23T21:38:58","modified_gmt":"2020-06-23T19:38:58","slug":"weblinks","status":"publish","type":"page","link":"https:\/\/www.Schuetzenverein-nordwohlde.de\/?page_id=310","title":{"rendered":"Weblinks"},"content":{"rendered":"<p><a href=\"http:\/\/www.dsb.de\/start\/\" target=\"_blank\" rel=\"noopener noreferrer\">Deutscher Sch\u00fctzenbund\u00a0<\/a><\/p>\n<p><a href=\"http:\/\/www.nwdsb.de\/\" target=\"_blank\" rel=\"noopener noreferrer\">Nordwestdeutscher Sch\u00fctzenbund <\/a><\/p>\n<p><a href=\"http:\/\/bezirksschuetzen-hoya.de\/\" target=\"_blank\" rel=\"noopener noreferrer\">Bezirkssch\u00fctzenverband Hoya<\/a><\/p>\n<p><a href=\"https:\/\/kreisschuetzenverband-bassum.de\/\" target=\"_blank\" rel=\"noopener noreferrer\">Kreissch\u00fctzenverband Bassum<\/a><\/p>\n","protected":false},"excerpt":{"rendered":"<p>Deutscher Sch\u00fctzenbund\u00a0 Nordwestdeutscher Sch\u00fctzenbund Bezirkssch\u00fctzenverband Hoya Kreissch\u00fctzenverband Bassum<\/p>\n","protected":false},"author":2,"featured_media":0,"parent":0,"menu_order":9,"comment_status":"closed","ping_status":"closed","template":"","meta":{"footnotes":""},"class_list":["post-310","page","type-page","status-publish","hentry"],"_links":{"self":[{"href":"https:\/\/www.Schuetzenverein-nordwohlde.de\/index.php?rest_route=\/wp\/v2\/pages\/310","targetHints":{"allow":["GET"]}}],"collection":[{"href":"https:\/\/www.Schuetzenverein-nordwohlde.de\/index.php?rest_route=\/wp\/v2\/pages"}],"about":[{"href":"https:\/\/www.Schuetzenverein-nordwohlde.de\/index.php?rest_route=\/wp\/v2\/types\/page"}],"author":[{"embeddable":true,"href":"https:\/\/www.Schuetzenverein-nordwohlde.de\/index.php?rest_route=\/wp\/v2\/users\/2"}],"replies":[{"embeddable":true,"href":"https:\/\/www.Schuetzenverein-nordwohlde.de\/index.php?rest_route=%2Fwp%2Fv2%2Fcomments&post=310"}],"version-history":[{"count":5,"href":"https:\/\/www.Schuetzenverein-nordwohlde.de\/index.php?rest_route=\/wp\/v2\/pages\/310\/revisions"}],"predecessor-version":[{"id":1510,"href":"https:\/\/www.Schuetzenverein-nordwohlde.de\/index.php?rest_route=\/wp\/v2\/pages\/310\/revisions\/1510"}],"wp:attachment":[{"href":"https:\/\/www.Schuetzenverein-nordwohlde.de\/index.php?rest_route=%2Fwp%2Fv2%2Fmedia&parent=310"}],"curies":[{"name":"wp","href":"https:\/\/api.w.org\/{rel}","templated":true}]}}