{"id":2809,"date":"2026-02-08T16:42:01","date_gmt":"2026-02-08T15:42:01","guid":{"rendered":"https:\/\/www.Schuetzenverein-nordwohlde.de\/?page_id=2809"},"modified":"2026-05-04T12:04:15","modified_gmt":"2026-05-04T10:04:15","slug":"schiessergebnisse-2026","status":"publish","type":"page","link":"https:\/\/www.Schuetzenverein-nordwohlde.de\/?page_id=2809","title":{"rendered":"Schie\u00dfergebnisse 2026"},"content":{"rendered":"\n<p><strong>Bezirksrundenwettkampf Blasrohrsport<br \/><\/strong><strong>Mannschaftswertung<\/strong><br \/>&#8211; Nordwohlde 1 3. Platz<br \/>&#8211; Nordwohlde 2 14. Platz<\/p>\n<p><strong>Damen<\/strong><br \/>&#8211; Alina Lesnik 2. Platz<br \/>&#8211; Nicole Lesnik 9. Platz<br \/>&#8211; Corinna Steinmeyer 14. Platz<\/p>\n<p><strong>Herren<\/strong><br \/>&#8211; Sven Nolte 17. Platz<br \/>&#8211; Stefan Bl\u00f6the 21. Platz <br \/>&#8211; John Steinmeyer 36. Platz<\/p>\n<p><strong>Pokalschie\u00dfen Barrien 2026<br \/><\/strong>&#8211; Nordwohlde gemischte Mannschaft 1. Platz<\/p>\n<p><strong>Pokalschie\u00dfen Okel 2026<\/strong><br \/>&#8211; Nordwohlder Jugend 1. Platz<br \/>&#8211; Nordwohlde gemischte Mannschaft 3. Platz<\/p>\n<p><strong>Pokalschie\u00dfen Dimhausen 2026<\/strong><br \/>&#8211; Nordwohlder Damen 2. Platz <br \/>&#8211; Nordwohlder Herren 3. Platz<\/p>\n<p><strong>Pokalschie\u00dfen Natenstedt 2026<\/strong><br \/>&#8211; Nordwohlder Damen 1. Platz<br \/>&#8211; Nordwohlder Jugend 1. Platz<br \/>&#8211; Nordwohlder Herren 3. Platz<\/p>\n<p><strong>Pokalschie\u00dfen Neubruchhausen 2026<br \/><\/strong>&#8211; Nordwohlder Damen 1. Platz<br \/>&#8211; Nordwohlder Jugend 1. Platz<br \/>&#8211; Nordwohlder Herren 3. Platz<strong><br \/><br \/>Bezirksmeisterschaft 2026 &#8211; Blasrohrsport<\/strong><br \/>&#8211; Alina Lesnik Bezirksmeisterin Junioren m\/w<br \/>&#8211; Sven Nolte Bezirksmeister Herren <br \/>&#8211; Nicole Lesnik 2. Platz Damen II<br \/>&#8211; Jens Nolte 3. Platz Herren I<br \/>&#8211; John Steinmeyer 4. Platz Sch\u00fcler II m<br \/>&#8211; Stefan Bl\u00f6the 5. Platz Herren I<br \/>&#8211; Corinna Steinmeyer 11. Platz Damen II<\/p>\n<p>\u00a0<\/p>\n","protected":false},"excerpt":{"rendered":"<p>Bezirksrundenwettkampf BlasrohrsportMannschaftswertung&#8211; Nordwohlde 1 3. Platz&#8211; Nordwohlde 2 14. Platz Damen&#8211; Alina Lesnik 2. Platz&#8211; Nicole Lesnik 9. Platz&#8211; Corinna Steinmeyer 14. Platz Herren&#8211; Sven Nolte 17. Platz&#8211; Stefan Bl\u00f6the 21. Platz &#8211; John Steinmeyer 36. Platz Pokalschie\u00dfen Barrien 2026&#8211; Nordwohlde gemischte Mannschaft 1. Platz Pokalschie\u00dfen Okel 2026&#8211; Nordwohlder Jugend 1. Platz&#8211; Nordwohlde gemischte Mannschaft 3. Platz Pokalschie\u00dfen Dimhausen 2026&#8211;<\/p>\n","protected":false},"author":2,"featured_media":0,"parent":0,"menu_order":0,"comment_status":"closed","ping_status":"closed","template":"","meta":{"footnotes":""},"class_list":["post-2809","page","type-page","status-publish","hentry"],"_links":{"self":[{"href":"https:\/\/www.Schuetzenverein-nordwohlde.de\/index.php?rest_route=\/wp\/v2\/pages\/2809","targetHints":{"allow":["GET"]}}],"collection":[{"href":"https:\/\/www.Schuetzenverein-nordwohlde.de\/index.php?rest_route=\/wp\/v2\/pages"}],"about":[{"href":"https:\/\/www.Schuetzenverein-nordwohlde.de\/index.php?rest_route=\/wp\/v2\/types\/page"}],"author":[{"embeddable":true,"href":"https:\/\/www.Schuetzenverein-nordwohlde.de\/index.php?rest_route=\/wp\/v2\/users\/2"}],"replies":[{"embeddable":true,"href":"https:\/\/www.Schuetzenverein-nordwohlde.de\/index.php?rest_route=%2Fwp%2Fv2%2Fcomments&post=2809"}],"version-history":[{"count":9,"href":"https:\/\/www.Schuetzenverein-nordwohlde.de\/index.php?rest_route=\/wp\/v2\/pages\/2809\/revisions"}],"predecessor-version":[{"id":2849,"href":"https:\/\/www.Schuetzenverein-nordwohlde.de\/index.php?rest_route=\/wp\/v2\/pages\/2809\/revisions\/2849"}],"wp:attachment":[{"href":"https:\/\/www.Schuetzenverein-nordwohlde.de\/index.php?rest_route=%2Fwp%2Fv2%2Fmedia&parent=2809"}],"curies":[{"name":"wp","href":"https:\/\/api.w.org\/{rel}","templated":true}]}}