{"id":2626,"date":"2025-03-03T09:35:09","date_gmt":"2025-03-03T08:35:09","guid":{"rendered":"https:\/\/www.Schuetzenverein-nordwohlde.de\/?page_id=2626"},"modified":"2025-12-27T13:51:17","modified_gmt":"2025-12-27T12:51:17","slug":"schiessergebnisse-2025","status":"publish","type":"page","link":"https:\/\/www.Schuetzenverein-nordwohlde.de\/?page_id=2626","title":{"rendered":"Schiessergebnisse 2025"},"content":{"rendered":"\n<div dir=\"ltr\">\n<div dir=\"ltr\"><strong>Blasrohr Kids-Cup NWDSB<\/strong><br \/>&#8211; John Steinmeyer 4. Platz Sch\u00fcler III m<\/div>\n<div dir=\"ltr\"><strong><br \/>Kreismeisterschaft 2026 &#8211; LG Auflage<\/strong> <br \/>&#8211; Sven Nolte 3. Platz Herren I<br \/>&#8211; Karin Bokelmann 4. Platz Seniorinnen I<br \/>&#8211; Alina Lesnik 1. Platz Juniorinnen II<\/div>\n<div dir=\"ltr\">\u00a0<\/div>\n<div dir=\"ltr\"><strong>Kreismeisterschaft 2026 &#8211; Blasrohrsport<\/strong><br \/>&#8211; Sven Nolte 1. Platz Herren I<br \/>&#8211; Jens Nolte 2. Platz Herren I<br \/>&#8211; Stefan Bl\u00f6the 3. Platz Herren I<br \/>&#8211; Nicole Lesnik 4. Platz Damen II<br \/>&#8211; Alina Lesnik 1. Platz Juniorinnen I<br \/>&#8211; John Steinmeyer 1. Platz Sch\u00fcler II<\/div>\n<div dir=\"ltr\">\u00a0<\/div>\n<div dir=\"ltr\"><strong>Pokalschie\u00dfen Stelle<br \/><\/strong>&#8211; Nordwohlder Herren 4. Platz<br \/>&#8211; Nordwohlder Damen 2. Platz<br \/>&#8211; Nordwohlder Jugend 1. Platz<br \/><strong><br \/>Deutsche Meisterschaft 2025 Blasrohrsport<br \/><\/strong>&#8211; Alina Lesnik 3. Platz Jugend w<strong><br \/><br \/>Kreismeisterschaft 2026 &#8211; KK Auflage<br \/><\/strong>&#8211; Sven Nolte 1. Platz Herren I<br \/>&#8211; Karin Bokelmann 2. Platz Seniorinnen I<strong><br \/><br \/>Herbstmeisterschaft 2025<br \/><\/strong>&#8211; Marek Meyer Herbstmeister<br \/>&#8211; Sven Nolte Birsek\u00f6nig<br \/>&#8211; Sven Nolte Wanderpokal<br \/>&#8211; Alina Lesnik Jugendbirsek\u00f6nigin<strong><br \/><br \/>Nachbarschaftspokalschie\u00dfen 2025 Fahrenhorst<\/strong><\/div>\n<div dir=\"ltr\">&#8211; Nordwohlder Damen 1. Platz<br \/>&#8211; Nordwohlder Herren 2. Platz<br \/>&#8211; Sven Nolte Tagesbester<br \/><br \/><\/div>\n<strong>Pokalschie\u00dfen Hallstedt 2025<br \/><\/strong>&#8211; Nordwohlder Jugend 2. Platz<br \/>&#8211; Nordwohlde gemischte Mannschaft 5. Platz<br \/><strong><br \/>Pokalschie\u00dfen Kastendiek 2025<\/strong><\/div>\n<div dir=\"ltr\"><strong>&#8211;<\/strong> Nordwohlde gemischte Mannschaft 4. Platz<br \/>&#8211; Sven Nolte Tagesbester<br \/><br \/><\/div>\n\n\n\n<div dir=\"ltr\">\n<div dir=\"ltr\">\n<div dir=\"ltr\"><strong>Pokalschie\u00dfen Fahrenhorst 2025<\/strong><\/div>\n<div dir=\"ltr\">&#8211; Nordwohlder Damen 2. Platz<\/div>\n<div dir=\"ltr\">&#8211; Nordwohlder Herren 4. Platz<br \/><br \/><\/div>\n<\/div>\n<div dir=\"ltr\"><strong>Sch\u00fctzenfest 2025<br \/><\/strong>\u2013 Nina Wenk K\u00f6nigin<br \/>\u2013 Karin Bokelmann Vizek\u00f6nigin<br \/>\u2013 Harald D\u00f6pke Altersk\u00f6nig<br \/>\u2013 Alina Lesnik Jugendk\u00f6nigin<br \/>\u2013 Till Rohlfs Kinderk\u00f6nig<br \/>\u2013 Jesahel Cornu St\u00f6\u00dfel B\u00fcrgerpokalsiegerin<br \/><br \/><\/div>\n<div dir=\"ltr\"><strong>Vereinsmeisterschaft 2025<br \/><\/strong>\u2013 Helmut Finke K\u00f6nig der K\u00f6nige<br \/>\u2013 Petra Nolte Vereinsmeisterin<br \/>\u2013 Alina Lesnik Jugendbeste<br \/>\u2013 Helmut Finke und Gerd Wessel Teampokalsieger<br \/><br \/><\/div>\n<div dir=\"ltr\"><strong>Pokalschie\u00dfen Freudenberg 2025<\/strong><br \/>&#8211; Nordwohlder Herren 5. Platz<br \/><br \/><\/div>\n<div dir=\"ltr\"><strong>Landesmeisterschaft Blasrohrsport 2025<\/strong><br \/>Alina Lesnik Vizelandesmeisterin Jugend<br \/>Nicole Lesnik 15. Platz Damen ll<br \/>Sven Nolte 8. Platz Herren l<br \/>Jens Nolte 9. Platz Herren l<br \/><br \/><\/div>\n<div dir=\"ltr\"><strong>Pokalschie\u00dfen Barrien 2025<\/strong><br \/>&#8211; Nordwohlder gemischte Mannschaft 1. Platz<br \/><br \/><\/div>\n<div dir=\"ltr\"><strong>Blasrohrturnier Blumenthal<\/strong><\/div>\n<div>&#8211; Alina Lesnik 1. Platz Jugend<\/div>\n<div>&#8211; Sven Nolte 2. Platz Herren u. Damen<\/div>\n<div>&#8211; Jens Nolte 5. Platz Herren u. Damen<\/div>\n<div>&#8211; Nicole Lesnik 7. Platz Herren u. Damen<\/div>\n<div>&#8211; Mannschaft 1. Platz<\/div>\n<\/div>\n<div dir=\"ltr\">\u00a0<\/div>\n<div dir=\"ltr\"><strong>Bezirksrundenwettkampf Blasrohr<\/strong><\/div>\n<div>&#8211; Alina Lesnik \u00a02. Platz Jugend und 6. Platz Damen<\/div>\n<div>&#8211; Nicole Lesnik 12. Platz Damen<\/div>\n<div>&#8211; Stefan Bl\u00f6the 15. Platz Herren<\/div>\n<div>&#8211; Sven Nolte 5. Platz Herren<\/div>\n<div>&#8211; Mannschaft 5. Platz<\/div>\n<p><strong>Kreisk\u00f6nig u. Pokalschie\u00dfen 2025<br \/><\/strong>&#8211; Alina Lesnik 2. Jugendprinzessin<br \/>&#8211; Sven Nolte K\u00f6nig der K\u00f6nige<br \/>&#8211; Karin Bokelmann K\u00f6nigin der K\u00f6niginnen<br \/>&#8211; Nordwohlder Damen 1. und 2. Platz<br \/>&#8211; Nordwohlder Jugend 2. Platz<br \/>&#8211; Nordwohlder Herren 4. Platz<\/p>\n<p><strong>Stadtpokalschie\u00dfen 2025<br \/>&#8211;<\/strong> Nordwohlder Herren 1. Platz<br \/>&#8211; Nordwohlder Damen 4. Platz<br \/>&#8211; Nordwohlder Jugend 4. Platz<\/p>\n<p><strong>Pokalschie\u00dfen Natenstedt 2025<\/strong><br \/>&#8211; Nordwohlder gemischte Mannschaft 1. Platz<\/p>\n<p><strong>Pokalschie\u00dfen Neubruchhausen 2025<br \/><\/strong>&#8211; Nordwohlder Herren 2. Platz<\/p>\n<p><strong>Bezirksmeisterschaft KK Auflage 2025<br \/><\/strong>&#8211; Karin Bokelmann 4. Platz Seniorinnen I<\/p>\n<p><strong>Bezirksmeisterschaft Blasrohrsport 2025<br \/><\/strong>&#8211; Sven Nolte 2. Platz Herren 1<br \/>&#8211; Nicole Lesnik 6. Platz Damen II<br \/>&#8211; Alina Lesnik 2. Platz Jugend<\/p>\n","protected":false},"excerpt":{"rendered":"<p>Blasrohr Kids-Cup NWDSB&#8211; John Steinmeyer 4. Platz Sch\u00fcler III m Kreismeisterschaft 2026 &#8211; LG Auflage &#8211; Sven Nolte 3. Platz Herren I&#8211; Karin Bokelmann 4. Platz Seniorinnen I&#8211; Alina Lesnik 1. Platz Juniorinnen II \u00a0 Kreismeisterschaft 2026 &#8211; Blasrohrsport&#8211; Sven Nolte 1. Platz Herren I&#8211; Jens Nolte 2. Platz Herren I&#8211; Stefan Bl\u00f6the 3. Platz Herren I&#8211; Nicole Lesnik 4.<\/p>\n","protected":false},"author":1,"featured_media":0,"parent":114,"menu_order":0,"comment_status":"closed","ping_status":"closed","template":"","meta":{"footnotes":""},"class_list":["post-2626","page","type-page","status-publish","hentry"],"_links":{"self":[{"href":"https:\/\/www.Schuetzenverein-nordwohlde.de\/index.php?rest_route=\/wp\/v2\/pages\/2626","targetHints":{"allow":["GET"]}}],"collection":[{"href":"https:\/\/www.Schuetzenverein-nordwohlde.de\/index.php?rest_route=\/wp\/v2\/pages"}],"about":[{"href":"https:\/\/www.Schuetzenverein-nordwohlde.de\/index.php?rest_route=\/wp\/v2\/types\/page"}],"author":[{"embeddable":true,"href":"https:\/\/www.Schuetzenverein-nordwohlde.de\/index.php?rest_route=\/wp\/v2\/users\/1"}],"replies":[{"embeddable":true,"href":"https:\/\/www.Schuetzenverein-nordwohlde.de\/index.php?rest_route=%2Fwp%2Fv2%2Fcomments&post=2626"}],"version-history":[{"count":28,"href":"https:\/\/www.Schuetzenverein-nordwohlde.de\/index.php?rest_route=\/wp\/v2\/pages\/2626\/revisions"}],"predecessor-version":[{"id":2795,"href":"https:\/\/www.Schuetzenverein-nordwohlde.de\/index.php?rest_route=\/wp\/v2\/pages\/2626\/revisions\/2795"}],"up":[{"embeddable":true,"href":"https:\/\/www.Schuetzenverein-nordwohlde.de\/index.php?rest_route=\/wp\/v2\/pages\/114"}],"wp:attachment":[{"href":"https:\/\/www.Schuetzenverein-nordwohlde.de\/index.php?rest_route=%2Fwp%2Fv2%2Fmedia&parent=2626"}],"curies":[{"name":"wp","href":"https:\/\/api.w.org\/{rel}","templated":true}]}}