{"id":2291,"date":"2024-01-08T13:28:14","date_gmt":"2024-01-08T12:28:14","guid":{"rendered":"https:\/\/www.Schuetzenverein-nordwohlde.de\/?page_id=2291"},"modified":"2024-01-08T13:39:41","modified_gmt":"2024-01-08T12:39:41","slug":"1-vorsitzende","status":"publish","type":"page","link":"https:\/\/www.Schuetzenverein-nordwohlde.de\/?page_id=2291","title":{"rendered":"1. Vorsitzende"},"content":{"rendered":"\n<p><strong>Vorsitzende von 1905 bis heute<\/strong><\/p>\n<table style=\"border-collapse: collapse; width: 100%; height: 220px;\">\n<tbody>\n<tr style=\"height: 20px;\">\n<td style=\"width: 14.0075%; height: 20px; text-align: center;\">1905<\/td>\n<td style=\"width: 73.558%; height: 20px;\">Heinrich Meyer, Steinforth<\/td>\n<\/tr>\n<tr style=\"height: 20px;\">\n<td style=\"width: 14.0075%; height: 20px; text-align: center;\">1906 &#8211; ?<\/td>\n<td style=\"width: 73.558%; height: 20px;\">Johann Ritterhoff, Steinforth<\/td>\n<\/tr>\n<tr style=\"height: 20px;\">\n<td style=\"width: 14.0075%; height: 20px; text-align: center;\">? &#8211; 1927<\/td>\n<td style=\"width: 73.558%; height: 20px;\">Dietrich Focke<\/td>\n<\/tr>\n<tr style=\"height: 20px;\">\n<td style=\"width: 14.0075%; height: 20px; text-align: center;\">1928 &#8211; 1929<\/td>\n<td style=\"width: 73.558%; height: 20px;\">Ludwig Abeler<\/td>\n<\/tr>\n<tr style=\"height: 20px;\">\n<td style=\"width: 14.0075%; height: 20px; text-align: center;\">1930 &#8211; 1964<\/td>\n<td style=\"width: 73.558%; height: 20px;\">Heinrich Keese<\/td>\n<\/tr>\n<tr style=\"height: 20px;\">\n<td style=\"width: 14.0075%; height: 20px; text-align: center;\">1965 &#8211; 1970<\/td>\n<td style=\"width: 73.558%; height: 20px;\">G\u00fcnter Wilk<\/td>\n<\/tr>\n<tr style=\"height: 20px;\">\n<td style=\"width: 14.0075%; height: 20px; text-align: center;\">1970 &#8211; 1994<\/td>\n<td style=\"width: 73.558%; height: 20px;\">Heinz Rohlfs<\/td>\n<\/tr>\n<tr style=\"height: 20px;\">\n<td style=\"width: 14.0075%; height: 20px; text-align: center;\">1995 &#8211; 2001<\/td>\n<td style=\"width: 73.558%; height: 20px;\">Heino M\u00fcller<\/td>\n<\/tr>\n<tr style=\"height: 20px;\">\n<td style=\"width: 14.0075%; height: 20px; text-align: center;\">2002 &#8211; 2007<\/td>\n<td style=\"width: 73.558%; height: 20px;\">J\u00f6rg Rohlfs<\/td>\n<\/tr>\n<tr style=\"height: 20px;\">\n<td style=\"width: 14.0075%; height: 20px; text-align: center;\">2008 &#8211; 2013<\/td>\n<td style=\"width: 73.558%; height: 20px;\">Harald D\u00f6pke<\/td>\n<\/tr>\n<tr style=\"height: 20px;\">\n<td style=\"width: 14.0075%; height: 20px; text-align: center;\">2014 &#8211; heute<\/td>\n<td style=\"width: 73.558%; height: 20px;\">Andreas Punke<\/td>\n<\/tr>\n<\/tbody>\n<\/table>\n","protected":false},"excerpt":{"rendered":"<p>Vorsitzende von 1905 bis heute 1905 Heinrich Meyer, Steinforth 1906 &#8211; ? Johann Ritterhoff, Steinforth ? &#8211; 1927 Dietrich Focke 1928 &#8211; 1929 Ludwig Abeler 1930 &#8211; 1964 Heinrich Keese 1965 &#8211; 1970 G\u00fcnter Wilk 1970 &#8211; 1994 Heinz Rohlfs 1995 &#8211; 2001 Heino M\u00fcller 2002 &#8211; 2007 J\u00f6rg Rohlfs 2008 &#8211; 2013 Harald D\u00f6pke 2014 &#8211; heute Andreas Punke<\/p>\n","protected":false},"author":2,"featured_media":0,"parent":0,"menu_order":0,"comment_status":"closed","ping_status":"closed","template":"","meta":{"footnotes":""},"class_list":["post-2291","page","type-page","status-publish","hentry"],"_links":{"self":[{"href":"https:\/\/www.Schuetzenverein-nordwohlde.de\/index.php?rest_route=\/wp\/v2\/pages\/2291","targetHints":{"allow":["GET"]}}],"collection":[{"href":"https:\/\/www.Schuetzenverein-nordwohlde.de\/index.php?rest_route=\/wp\/v2\/pages"}],"about":[{"href":"https:\/\/www.Schuetzenverein-nordwohlde.de\/index.php?rest_route=\/wp\/v2\/types\/page"}],"author":[{"embeddable":true,"href":"https:\/\/www.Schuetzenverein-nordwohlde.de\/index.php?rest_route=\/wp\/v2\/users\/2"}],"replies":[{"embeddable":true,"href":"https:\/\/www.Schuetzenverein-nordwohlde.de\/index.php?rest_route=%2Fwp%2Fv2%2Fcomments&post=2291"}],"version-history":[{"count":4,"href":"https:\/\/www.Schuetzenverein-nordwohlde.de\/index.php?rest_route=\/wp\/v2\/pages\/2291\/revisions"}],"predecessor-version":[{"id":2298,"href":"https:\/\/www.Schuetzenverein-nordwohlde.de\/index.php?rest_route=\/wp\/v2\/pages\/2291\/revisions\/2298"}],"wp:attachment":[{"href":"https:\/\/www.Schuetzenverein-nordwohlde.de\/index.php?rest_route=%2Fwp%2Fv2%2Fmedia&parent=2291"}],"curies":[{"name":"wp","href":"https:\/\/api.w.org\/{rel}","templated":true}]}}