{"id":173,"date":"2017-07-25T19:28:11","date_gmt":"2017-07-25T17:28:11","guid":{"rendered":"http:\/\/sv-nordwohlde.de\/?page_id=173"},"modified":"2025-06-30T11:34:28","modified_gmt":"2025-06-30T09:34:28","slug":"alterskoenige","status":"publish","type":"page","link":"https:\/\/www.Schuetzenverein-nordwohlde.de\/?page_id=173","title":{"rendered":"Altersk\u00f6nige*innen"},"content":{"rendered":"<table style=\"width: 100%; height: 621px;\" width=\"385\">\n<colgroup>\n<col width=\"166\" \/><\/colgroup>\n<colgroup>\n<col width=\"219\" \/><\/colgroup>\n<tbody>\n<tr style=\"height: 24px;\">\n<td style=\"height: 24px;\" width=\"166\" height=\"19\"><span style=\"color: #000000; font-family: verdana,geneva,sans-serif;\">JAHR<\/span><\/td>\n<td style=\"height: 24px;\" width=\"219\"><span style=\"color: #000000; font-family: verdana,geneva,sans-serif;\">ALTERSK\u00d6NIG*IN<\/span><\/td>\n<\/tr>\n<tr>\n<td>2025<\/td>\n<td><span style=\"color: #000000; font-family: verdana,geneva,sans-serif;\">Harald D\u00f6pke<\/span><\/td>\n<\/tr>\n<tr>\n<td>2024<\/td>\n<td><span style=\"color: #000000; font-family: verdana,geneva,sans-serif;\">J\u00f6rg Rohlfs<\/span><\/td>\n<\/tr>\n<tr>\n<td>2023<\/td>\n<td><span style=\"color: #000000; font-family: verdana,geneva,sans-serif;\">Friedel Nolte<\/span><\/td>\n<\/tr>\n<tr style=\"height: 21px;\">\n<td style=\"height: 21px;\">2022<\/td>\n<td style=\"height: 21px;\"><span style=\"color: #000000; font-family: verdana,geneva,sans-serif;\">Detlef Kreutzmann<\/span><\/td>\n<\/tr>\n<tr style=\"height: 24px;\">\n<td style=\"height: 24px;\">2019 &#8211; 2022<\/td>\n<td style=\"height: 24px;\"><span style=\"color: #000000; font-family: verdana,geneva,sans-serif;\">Monika Reineke<\/span><\/td>\n<\/tr>\n<tr style=\"height: 24px;\">\n<td style=\"height: 24px;\"><span style=\"color: #000000; font-family: verdana,geneva,sans-serif;\">2018<br \/>\n<\/span><\/td>\n<td style=\"height: 24px;\"><span style=\"color: #000000; font-family: verdana,geneva,sans-serif;\">Gerdt-Diederich Specketer<br \/>\n<\/span><\/td>\n<\/tr>\n<tr style=\"height: 24px;\">\n<td style=\"height: 24px;\" height=\"19\"><span style=\"color: #000000; font-family: verdana,geneva,sans-serif;\">2017<\/span><\/td>\n<td style=\"height: 24px;\"><span style=\"color: #000000; font-family: verdana,geneva,sans-serif;\">Heino M\u00fcller<\/span><\/td>\n<\/tr>\n<tr style=\"height: 24px;\">\n<td style=\"height: 24px;\" height=\"19\"><span style=\"color: #000000; font-family: verdana,geneva,sans-serif;\">2016<\/span><\/td>\n<td style=\"height: 24px;\"><span style=\"color: #000000; font-family: verdana,geneva,sans-serif;\">Heinz-Hermann Specketer<\/span><\/td>\n<\/tr>\n<tr style=\"height: 24px;\">\n<td style=\"height: 24px;\" height=\"19\"><span style=\"color: #000000; font-family: verdana,geneva,sans-serif;\">2015<\/span><\/td>\n<td style=\"height: 24px;\"><span style=\"color: #000000; font-family: verdana,geneva,sans-serif;\">Robert Carstens<\/span><\/td>\n<\/tr>\n<tr style=\"height: 24px;\">\n<td style=\"height: 24px;\" height=\"19\"><span style=\"color: #000000; font-family: verdana,geneva,sans-serif;\">2014<\/span><\/td>\n<td style=\"height: 24px;\"><span style=\"color: #000000; font-family: verdana,geneva,sans-serif;\">G\u00fcnter Reineke<\/span><\/td>\n<\/tr>\n<tr style=\"height: 24px;\">\n<td style=\"height: 24px;\" height=\"19\"><span style=\"color: #000000; font-family: verdana,geneva,sans-serif;\">2013<\/span><\/td>\n<td style=\"height: 24px;\"><span style=\"color: #000000; font-family: verdana,geneva,sans-serif;\">G\u00fcnter Cordes<\/span><\/td>\n<\/tr>\n<tr style=\"height: 24px;\">\n<td style=\"height: 24px;\" height=\"19\"><span style=\"color: #000000; font-family: verdana,geneva,sans-serif;\">2012<\/span><\/td>\n<td style=\"height: 24px;\"><span style=\"color: #000000; font-family: verdana,geneva,sans-serif;\">Uwe Heine<\/span><\/td>\n<\/tr>\n<tr style=\"height: 24px;\">\n<td style=\"height: 24px;\" height=\"19\"><span style=\"color: #000000; font-family: verdana,geneva,sans-serif;\">2011<\/span><\/td>\n<td style=\"height: 24px;\"><span style=\"color: #000000; font-family: verdana,geneva,sans-serif;\">Heinz J\u00fcrgen Wagenfeld<\/span><\/td>\n<\/tr>\n<tr style=\"height: 24px;\">\n<td style=\"height: 24px;\" height=\"19\"><span style=\"color: #000000; font-family: verdana,geneva,sans-serif;\">2010<\/span><\/td>\n<td style=\"height: 24px;\"><span style=\"color: #000000; font-family: verdana,geneva,sans-serif;\">Rainer Gehlsen<\/span><\/td>\n<\/tr>\n<tr style=\"height: 24px;\">\n<td style=\"height: 24px;\" height=\"19\"><span style=\"color: #000000; font-family: verdana,geneva,sans-serif;\">2009<\/span><\/td>\n<td style=\"height: 24px;\"><span style=\"color: #000000; font-family: verdana,geneva,sans-serif;\">Hanno Gi\u00f6rtz<\/span><\/td>\n<\/tr>\n<tr style=\"height: 24px;\">\n<td style=\"height: 24px;\" height=\"19\"><span style=\"color: #000000; font-family: verdana,geneva,sans-serif;\">2008<\/span><\/td>\n<td style=\"height: 24px;\"><span style=\"color: #000000; font-family: verdana,geneva,sans-serif;\">Wolfgang Hornig<\/span><\/td>\n<\/tr>\n<tr style=\"height: 24px;\">\n<td style=\"height: 24px;\" height=\"19\"><span style=\"color: #000000; font-family: verdana,geneva,sans-serif;\">2007<\/span><\/td>\n<td style=\"height: 24px;\"><span style=\"color: #000000; font-family: verdana,geneva,sans-serif;\">Inge Lettmann<\/span><\/td>\n<\/tr>\n<tr style=\"height: 24px;\">\n<td style=\"height: 24px;\" height=\"19\"><span style=\"color: #000000; font-family: verdana,geneva,sans-serif;\">2006<\/span><\/td>\n<td style=\"height: 24px;\"><span style=\"color: #000000; font-family: verdana,geneva,sans-serif;\">Friedrich Lettmann<\/span><\/td>\n<\/tr>\n<tr style=\"height: 24px;\">\n<td style=\"height: 24px;\" height=\"19\"><span style=\"color: #000000; font-family: verdana,geneva,sans-serif;\">2005<\/span><\/td>\n<td style=\"height: 24px;\"><span style=\"color: #000000; font-family: verdana,geneva,sans-serif;\">Friedel Pfau<\/span><\/td>\n<\/tr>\n<tr style=\"height: 24px;\">\n<td style=\"height: 24px;\" height=\"19\"><span style=\"color: #000000; font-family: verdana,geneva,sans-serif;\">2004<\/span><\/td>\n<td style=\"height: 24px;\"><span style=\"color: #000000; font-family: verdana,geneva,sans-serif;\">Alfred Cordes<\/span><\/td>\n<\/tr>\n<tr style=\"height: 24px;\">\n<td style=\"height: 24px;\" height=\"19\"><span style=\"color: #000000; font-family: verdana,geneva,sans-serif;\">2003<\/span><\/td>\n<td style=\"height: 24px;\"><span style=\"color: #000000; font-family: verdana,geneva,sans-serif;\">Karl Heinz Niehaus<\/span><\/td>\n<\/tr>\n<tr style=\"height: 24px;\">\n<td style=\"height: 24px;\" height=\"19\"><span style=\"color: #000000; font-family: verdana,geneva,sans-serif;\">2002<\/span><\/td>\n<td style=\"height: 24px;\"><span style=\"color: #000000; font-family: verdana,geneva,sans-serif;\">Heinz Kattau<\/span><\/td>\n<\/tr>\n<tr style=\"height: 24px;\">\n<td style=\"height: 24px;\" height=\"19\"><span style=\"color: #000000; font-family: verdana,geneva,sans-serif;\">2001<\/span><\/td>\n<td style=\"height: 24px;\"><span style=\"color: #000000; font-family: verdana,geneva,sans-serif;\">Willi Thiermann<\/span><\/td>\n<\/tr>\n<tr style=\"height: 24px;\">\n<td style=\"height: 24px;\" height=\"19\"><span style=\"color: #000000; font-family: verdana,geneva,sans-serif;\">2000<\/span><\/td>\n<td style=\"height: 24px;\"><span style=\"color: #000000; font-family: verdana,geneva,sans-serif;\">Heinrich Niehaus<\/span><\/td>\n<\/tr>\n<tr style=\"height: 24px;\">\n<td style=\"height: 24px;\" height=\"19\"><span style=\"color: #000000; font-family: verdana,geneva,sans-serif;\">1999<\/span><\/td>\n<td style=\"height: 24px;\"><span style=\"color: #000000; font-family: verdana,geneva,sans-serif;\">Hinrich Focke<\/span><\/td>\n<\/tr>\n<tr style=\"height: 24px;\">\n<td style=\"height: 24px;\" height=\"19\"><span style=\"color: #000000; font-family: verdana,geneva,sans-serif;\">1998<\/span><\/td>\n<td style=\"height: 24px;\"><span style=\"color: #000000; font-family: verdana,geneva,sans-serif;\">Walter Kreutzmann<\/span><\/td>\n<\/tr>\n<tr style=\"height: 24px;\">\n<td style=\"height: 24px;\" height=\"19\"><span style=\"color: #000000; font-family: verdana,geneva,sans-serif;\">1997<\/span><\/td>\n<td style=\"height: 24px;\"><span style=\"color: #000000; font-family: verdana,geneva,sans-serif;\">Heinz Rohlfs<\/span><\/td>\n<\/tr>\n<tr style=\"height: 24px;\">\n<td style=\"height: 24px;\" height=\"19\"><span style=\"color: #000000; font-family: verdana,geneva,sans-serif;\">1996<\/span><\/td>\n<td style=\"height: 24px;\"><span style=\"color: #000000; font-family: verdana,geneva,sans-serif;\">Gerhard Hamann<\/span><\/td>\n<\/tr>\n<\/tbody>\n<\/table>\n","protected":false},"excerpt":{"rendered":"<p>JAHR ALTERSK\u00d6NIG*IN 2025 Harald D\u00f6pke 2024 J\u00f6rg Rohlfs 2023 Friedel Nolte 2022 Detlef Kreutzmann 2019 &#8211; 2022 Monika Reineke 2018 Gerdt-Diederich Specketer 2017 Heino M\u00fcller 2016 Heinz-Hermann Specketer 2015 Robert Carstens 2014 G\u00fcnter Reineke 2013 G\u00fcnter Cordes 2012 Uwe Heine 2011 Heinz J\u00fcrgen Wagenfeld 2010 Rainer Gehlsen 2009 Hanno Gi\u00f6rtz 2008 Wolfgang Hornig 2007 Inge Lettmann 2006 Friedrich Lettmann 2005<\/p>\n","protected":false},"author":2,"featured_media":0,"parent":77,"menu_order":2,"comment_status":"closed","ping_status":"closed","template":"","meta":{"footnotes":""},"class_list":["post-173","page","type-page","status-publish","hentry"],"_links":{"self":[{"href":"https:\/\/www.Schuetzenverein-nordwohlde.de\/index.php?rest_route=\/wp\/v2\/pages\/173","targetHints":{"allow":["GET"]}}],"collection":[{"href":"https:\/\/www.Schuetzenverein-nordwohlde.de\/index.php?rest_route=\/wp\/v2\/pages"}],"about":[{"href":"https:\/\/www.Schuetzenverein-nordwohlde.de\/index.php?rest_route=\/wp\/v2\/types\/page"}],"author":[{"embeddable":true,"href":"https:\/\/www.Schuetzenverein-nordwohlde.de\/index.php?rest_route=\/wp\/v2\/users\/2"}],"replies":[{"embeddable":true,"href":"https:\/\/www.Schuetzenverein-nordwohlde.de\/index.php?rest_route=%2Fwp%2Fv2%2Fcomments&post=173"}],"version-history":[{"count":20,"href":"https:\/\/www.Schuetzenverein-nordwohlde.de\/index.php?rest_route=\/wp\/v2\/pages\/173\/revisions"}],"predecessor-version":[{"id":2696,"href":"https:\/\/www.Schuetzenverein-nordwohlde.de\/index.php?rest_route=\/wp\/v2\/pages\/173\/revisions\/2696"}],"up":[{"embeddable":true,"href":"https:\/\/www.Schuetzenverein-nordwohlde.de\/index.php?rest_route=\/wp\/v2\/pages\/77"}],"wp:attachment":[{"href":"https:\/\/www.Schuetzenverein-nordwohlde.de\/index.php?rest_route=%2Fwp%2Fv2%2Fmedia&parent=173"}],"curies":[{"name":"wp","href":"https:\/\/api.w.org\/{rel}","templated":true}]}}