{"id":114,"date":"2024-03-02T08:30:18","date_gmt":"2024-03-02T07:30:18","guid":{"rendered":"http:\/\/test.schuetzenverein-nordwohlde.de\/?page_id=114"},"modified":"2026-04-12T10:17:07","modified_gmt":"2026-04-12T08:17:07","slug":"schiessergebnisse","status":"publish","type":"page","link":"https:\/\/www.Schuetzenverein-nordwohlde.de\/?page_id=114","title":{"rendered":"Schie\u00dfergebnisse"},"content":{"rendered":"\n<p><\/p>\n\n\n\n<div dir=\"ltr\">\n<div dir=\"ltr\">\n<div dir=\"ltr\">\n<div dir=\"ltr\">\n<div dir=\"ltr\">\n<p><strong>Pokalschie\u00dfen Barrien 2026<br \/><\/strong>&#8211; Nordwohlde gemischte Mannschaft 1. Platz<\/p>\n<p><strong>Pokalschie\u00dfen Okel 2026<\/strong><br \/>&#8211; Nordwohlder Jugend 1. Platz<br \/>&#8211; Nordwohlde gemischte Mannschaft 3. Platz<\/p>\n<p><strong>Pokalschie\u00dfen Dimhausen 2026<\/strong><br \/>&#8211; Nordwohlder Damen 2. Platz <br \/>&#8211; Nordwohlder Herren 3. Platz<\/p>\n<p><strong>Pokalschie\u00dfen Natenstedt 2026<\/strong><br \/>&#8211; Nordwohlder Damen 1. Platz<br \/>&#8211; Nordwohlder Jugend 1. Platz<br \/>&#8211; Nordwohlder Herren 3. Platz<\/p>\n<p><strong>Pokalschie\u00dfen Neubruchhausen 2026<br \/><\/strong>&#8211; Nordwohlder Damen 1. Platz<br \/>&#8211; Nordwohlder Jugend 1. Platz<br \/>&#8211; Nordwohlder Herren 3. Platz<strong><br \/><br \/>Bezirksmeisterschaft 2026 &#8211; Blasrohrsport<\/strong><br \/>&#8211; Alina Lesnik Bezirksmeisterin Junioren m\/w<br \/>&#8211; Sven Nolte Bezirksmeister Herren <br \/>&#8211; Nicole Lesnik 2. Platz Damen II<br \/>&#8211; Jens Nolte 3. Platz Herren I<br \/>&#8211; John Steinmeyer 4. Platz Sch\u00fcler II m<br \/>&#8211; Stefan Bl\u00f6the 5. Platz Herren I<br \/>&#8211; Corinna Steinmeyer 11. Platz Damen II<\/p>\n<\/div>\n<div dir=\"ltr\">\u00a0<\/div>\n<\/div>\n<\/div>\n<\/div>\n<\/div>\n<p>\u00a0<\/p>\n\n\n\n<p><\/p>\n\n\n","protected":false},"excerpt":{"rendered":"<p>Pokalschie\u00dfen Barrien 2026&#8211; Nordwohlde gemischte Mannschaft 1. Platz Pokalschie\u00dfen Okel 2026&#8211; Nordwohlder Jugend 1. Platz&#8211; Nordwohlde gemischte Mannschaft 3. Platz Pokalschie\u00dfen Dimhausen 2026&#8211; Nordwohlder Damen 2. Platz &#8211; Nordwohlder Herren 3. Platz Pokalschie\u00dfen Natenstedt 2026&#8211; Nordwohlder Damen 1. Platz&#8211; Nordwohlder Jugend 1. Platz&#8211; Nordwohlder Herren 3. Platz Pokalschie\u00dfen Neubruchhausen 2026&#8211; Nordwohlder Damen 1. Platz&#8211; Nordwohlder Jugend 1. Platz&#8211; Nordwohlder Herren<\/p>\n","protected":false},"author":1,"featured_media":0,"parent":0,"menu_order":7,"comment_status":"closed","ping_status":"closed","template":"","meta":{"footnotes":""},"class_list":["post-114","page","type-page","status-publish","hentry"],"_links":{"self":[{"href":"https:\/\/www.Schuetzenverein-nordwohlde.de\/index.php?rest_route=\/wp\/v2\/pages\/114","targetHints":{"allow":["GET"]}}],"collection":[{"href":"https:\/\/www.Schuetzenverein-nordwohlde.de\/index.php?rest_route=\/wp\/v2\/pages"}],"about":[{"href":"https:\/\/www.Schuetzenverein-nordwohlde.de\/index.php?rest_route=\/wp\/v2\/types\/page"}],"author":[{"embeddable":true,"href":"https:\/\/www.Schuetzenverein-nordwohlde.de\/index.php?rest_route=\/wp\/v2\/users\/1"}],"replies":[{"embeddable":true,"href":"https:\/\/www.Schuetzenverein-nordwohlde.de\/index.php?rest_route=%2Fwp%2Fv2%2Fcomments&post=114"}],"version-history":[{"count":145,"href":"https:\/\/www.Schuetzenverein-nordwohlde.de\/index.php?rest_route=\/wp\/v2\/pages\/114\/revisions"}],"predecessor-version":[{"id":2844,"href":"https:\/\/www.Schuetzenverein-nordwohlde.de\/index.php?rest_route=\/wp\/v2\/pages\/114\/revisions\/2844"}],"wp:attachment":[{"href":"https:\/\/www.Schuetzenverein-nordwohlde.de\/index.php?rest_route=%2Fwp%2Fv2%2Fmedia&parent=114"}],"curies":[{"name":"wp","href":"https:\/\/api.w.org\/{rel}","templated":true}]}}